{"id":24,"date":"2025-12-08T23:04:12","date_gmt":"2025-12-08T23:04:12","guid":{"rendered":"https:\/\/www.efficya.com\/?page_id=24"},"modified":"2026-01-26T12:11:39","modified_gmt":"2026-01-26T12:11:39","slug":"accueil","status":"publish","type":"page","link":"https:\/\/www.efficya.com\/","title":{"rendered":"Accueil"},"content":{"rendered":"\n<h1 class=\"wp-block-heading has-text-align-center\" style=\"padding-top:var(--wp--preset--spacing--40);padding-right:10rem;padding-left:10rem;font-size:56px\"><strong><mark style=\"background-color:rgba(0, 0, 0, 0);color:#002fff\" class=\"has-inline-color\">J\u2019automatise<\/mark>, Vous gagnez du temps<\/strong><\/h1>\n\n\n\n<p class=\"has-text-align-center has-theme-palette-5-color has-text-color has-link-color wp-elements-ec1e2365444e452f4724a5ac506b68af\" style=\"padding-right:12rem;padding-left:12rem;font-size:22px\">Moins de t\u00e2ches manuelles, moins d\u2019oublis, plus de visibilit\u00e9 sur votre activit\u00e9<\/p>\n\n\n\n<div class=\"efficya-hero-box-gradient\">\n  <p class=\"efficya-hero-box-gradient__text\">\n    <strong>Automatisations sur mesure<\/strong> pour les agences et entreprises qui veulent se concentrer sur l\u2019essentiel\n  <\/p>\n\n  <div class=\"efficya-hero-badges\">\n    <span class=\"efficya-badge\">\u2713 Audit gratuit<\/span>\n    <span class=\"efficya-badge\">\u2713 ROI mesurable<\/span>\n    <span class=\"efficya-badge\">\u2713 20+ ans d\u2019exp\u00e9rience<\/span>\n  <\/div>\n<\/div>\n\n\n\n<div style=\"height:50px\" aria-hidden=\"true\" class=\"wp-block-spacer\"><\/div>\n\n\n\n<div class=\"wp-block-buttons is-content-justification-center is-layout-flex wp-container-core-buttons-is-layout-5590e8cb wp-block-buttons-is-layout-flex\">\n<div class=\"wp-block-button efficya-cta is-style-fill\"><a class=\"wp-block-button__link has-theme-palette-3-background-color has-background wp-element-button\" href=\"https:\/\/calendly.com\/manuel-baricault\/30min\" target=\"_blank\" rel=\"noreferrer noopener\">Demander un diagnostic (15 min)<\/a><\/div>\n<\/div>\n\n\n\n<div class=\"wp-block-group alignfull efficya-section-pain has-theme-palette-8-background-color has-background\" style=\"padding-right:25rem;padding-left:25rem\"><div class=\"wp-block-group__inner-container is-layout-constrained wp-container-core-group-is-layout-298603fc wp-block-group-is-layout-constrained\">\n<h2 class=\"wp-block-heading has-text-align-center has-larger-font-size\" style=\"margin-top:var(--wp--preset--spacing--80)\"><strong>Ces probl\u00e8mes vous parlent ?<\/strong><\/h2>\n\n\n\n<p class=\"has-text-align-center has-theme-palette-5-color has-text-color has-link-color wp-elements-76755abaf56dcb97ec256151ef5fac61\" style=\"padding-top:var(--wp--preset--spacing--60);padding-right:100px;padding-bottom:var(--wp--preset--spacing--60);padding-left:100px;font-size:22px\">Vous n\u2019\u00eates pas seul. La plupart des entreprises perdent chaque semaine des heures pr\u00e9cieuses sur des t\u00e2ches qui pourraient \u00eatre automatis\u00e9es<\/p>\n\n\n\n<div class=\"efficya-s2\">\n  <div class=\"efficya-grid\">\n\t<!-- card 1 -->\t\n    <article class=\"efficya-card\">\n      <div class=\"efficya-card__icon\">\n\t\t <svg xmlns=\"http:\/\/www.w3.org\/2000\/svg\" width=\"24\" height=\"24\" viewBox=\"0 0 24 24\" fill=\"none\" stroke=\"currentColor\" stroke-width=\"2\" stroke-linecap=\"round\" stroke-linejoin=\"round\" class=\"lucide lucide-angry-icon lucide-angry\">\n            <circle cx=\"12\" cy=\"12\" r=\"10\"\/>\n            <path d=\"M16 16s-1.5-2-4-2-4 2-4 2\"\/>\n            <path d=\"M7.5 8 10 9\"\/>\n            <path d=\"m14 9 2.5-1\"\/>\n            <path d=\"M9 10h.01\"\/>\n            <path d=\"M15 10h.01\"\/>\n         <\/svg>\n      <\/div>\n      <div class=\"efficya-card__content\">\n        <h3 class=\"efficya-card__title\">Surcharge op\u00e9rationnelle<\/h3>\n        <label class=\"efficya-card__text\">Trop de temps pass\u00e9 sur des t\u00e2ches r\u00e9p\u00e9titives au lieu de se concentrer sur la cr\u00e9ation de valeur<\/label>\n        <span class=\"efficya-card__tag\">\u2192 Perte de productivit\u00e9<\/span>\n      <\/div>\n    <\/article>\n\t\n\t<!-- card 2 -->\n    <article class=\"efficya-card\">\n      <div class=\"efficya-card__icon\">\n         <svg xmlns=\"http:\/\/www.w3.org\/2000\/svg\" width=\"24\" height=\"24\" viewBox=\"0 0 24 24\" fill=\"none\" stroke=\"currentColor\" stroke-width=\"2\" stroke-linecap=\"round\" stroke-linejoin=\"round\" class=\"lucide lucide-alarm-clock-minus-icon lucide-alarm-clock-minus\">\n            <circle cx=\"12\" cy=\"13\" r=\"8\"\/>\n            <path d=\"M5 3 2 6\"\/>\n            <path d=\"m22 6-3-3\"\/>\n            <path d=\"M6.38 18.7 4 21\"\/>\n            <path d=\"M17.64 18.67 20 21\"\/>\n            <path d=\"M9 13h6\"\/>\n         <\/svg>\n      <\/div>\n      <div class=\"efficya-card__content\">\n        <h3 class=\"efficya-card__title\">T\u00e2ches manuelles chronophages<\/h3>\n        <label class=\"efficya-card__text\">Copier-coller, ressaisies, rapports manuels\u2026 des heures perdues chaque semaine<\/label>\n        <span class=\"efficya-card__tag\">\u2192 \u00c9puisement des \u00e9quipes<\/span>\n      <\/div>\n    <\/article>\n\t\n\t<!-- card 3 -->\n\t<article class=\"efficya-card\">\n      <div class=\"efficya-card__icon\">\n         <svg xmlns=\"http:\/\/www.w3.org\/2000\/svg\" width=\"24\" height=\"24\" viewBox=\"0 0 24 24\" fill=\"none\" stroke=\"currentColor\" stroke-width=\"2\" stroke-linecap=\"round\" stroke-linejoin=\"round\" class=\"lucide lucide-unplug-icon lucide-unplug\">\n            <path d=\"m19 5 3-3\"\/>\n            <path d=\"m2 22 3-3\"\/>\n            <path d=\"M6.3 20.3a2.4 2.4 0 0 0 3.4 0L12 18l-6-6-2.3 2.3a2.4 2.4 0 0 0 0 3.4Z\"\/>\n            <path d=\"M7.5 13.5 10 11\"\/>\n            <path d=\"M10.5 16.5 13 14\"\/>\n            <path d=\"m12 6 6 6 2.3-2.3a2.4 2.4 0 0 0 0-3.4l-2.6-2.6a2.4 2.4 0 0 0-3.4 0Z\"\/>\n         <\/svg>\n      <\/div>\n      <div class=\"efficya-card__content\">\n        <h3 class=\"efficya-card__title\">Outils mal int\u00e9gr\u00e9s<\/h3>\n        <label class=\"efficya-card__text\">Vos applications ne communiquent pas entre elles, cr\u00e9ant silos et doublons<\/label>\n        <span class=\"efficya-card__tag\">\u2192 Erreurs et incoh\u00e9rences<\/span>\n      <\/div>\n    <\/article>\n\t\n\t<!-- card 4  -->\n\t<article class=\"efficya-card\">\n      <div class=\"efficya-card__icon\">\n         <svg xmlns=\"http:\/\/www.w3.org\/2000\/svg\" width=\"24\" height=\"24\" viewBox=\"0 0 24 24\" fill=\"none\" stroke=\"currentColor\" stroke-width=\"2\" stroke-linecap=\"round\" stroke-linejoin=\"round\" class=\"lucide lucide-trending-down-icon lucide-trending-down\">\n            <path d=\"M16 17h6v-6\"\/>\n            <path d=\"m22 17-8.5-8.5-5 5L2 7\"\/>\n         <\/svg>\n      <\/div>\n      <div class=\"efficya-card__content\">\n        <h3 class=\"efficya-card__title\">Difficult\u00e9s de scaling<\/h3>\n        <label class=\"efficya-card__text\">Impossible de structurer les process pour accompagner la croissance<\/label>\n        <span class=\"efficya-card__tag\">\u2192 Croissance limit\u00e9e<\/span>\n      <\/div>\n    <\/article>\n  <\/div>\n<\/div>\n\n\n\n<div style=\"height:20px\" aria-hidden=\"true\" class=\"wp-block-spacer\"><\/div>\n\n\n\n<div class=\"efficya-bottombox\">\n   <p class=\"efficya-bottombox__text\">\n      Le vrai probl\u00e8me n\u2019est pas seulement le \n      <span class=\"stress-low\">temps perdu<\/span>, \n      mais la \n      <span class=\"stress-medium\">charge mentale<\/span> \n      et les \n      <span class=\"stress-high interruptions\">interruptions constantes<\/span> \n      que ces t\u00e2ches g\u00e9n\u00e8rent.\n   <\/p>\n<\/div>\n\n\n\n<div style=\"height:100px\" aria-hidden=\"true\" class=\"wp-block-spacer\"><\/div>\n<\/div><\/div>\n\n\n\n<h2 class=\"wp-block-heading has-text-align-center has-larger-font-size\" style=\"padding-top:var(--wp--preset--spacing--40);padding-right:var(--wp--preset--spacing--80);padding-bottom:var(--wp--preset--spacing--70);padding-left:var(--wp--preset--spacing--80)\"><strong>Et concr\u00e8tement, \u00e7a donne quoi ?<\/strong><br><\/h2>\n\n\n\n<div class=\"efficya-s3\">\n   <div class=\"efficya-grid\">\n      <!-- Card 1 -->\n      <article class=\"efficya-card\">\n         <div class=\"efficya-card__icon\">\n            <svg xmlns=\"http:\/\/www.w3.org\/2000\/svg\" width=\"24\" height=\"24\"\n               viewBox=\"0 0 24 24\" fill=\"none\" stroke=\"currentColor\"\n               stroke-width=\"2\" stroke-linecap=\"round\" stroke-linejoin=\"round\">\n               <path d=\"M4 4h16v16H4z\"><\/path>\n               <path d=\"M8 8h8\"><\/path>\n               <path d=\"M8 12h8\"><\/path>\n               <path d=\"M8 16h5\"><\/path>\n            <\/svg>\n         <\/div>\n         <div class=\"efficya-card__content\">\n            <h3 class=\"efficya-card__title\">Demandes clients trait\u00e9es automatiquement<\/h3>\n            <div class=\"efficya-card__flow\">Formulaire \u2192 CRM \u2192 notification interne<\/div>\n            <label class=\"efficya-card__text\">Les demandes sont centralis\u00e9es, qualifi\u00e9es et transmises automatiquement,\n            sans tri manuel ni mails perdus<\/label>\n            <span class=\"efficya-card__tag\">~2h gagn\u00e9es \/ semaine<\/span>\n         <\/div>\n      <\/article>\n      <!-- Card 2 -->\n      <article class=\"efficya-card\">\n         <div class=\"efficya-card__icon\">\n            <svg xmlns=\"http:\/\/www.w3.org\/2000\/svg\" width=\"24\" height=\"24\"\n               viewBox=\"0 0 24 24\" fill=\"none\" stroke=\"currentColor\"\n               stroke-width=\"2\" stroke-linecap=\"round\" stroke-linejoin=\"round\">\n               <path d=\"M21 8v8a2 2 0 0 1-2 2H5a2 2 0 0 1-2-2V8\"><\/path>\n               <path d=\"M3 8l9 6 9-6\"><\/path>\n               <path d=\"M8 6h8\"><\/path>\n            <\/svg>\n         <\/div>\n         <div class=\"efficya-card__content\">\n            <h3 class=\"efficya-card__title\">Relance automatique des devis<\/h3>\n            <div class=\"efficya-card__flow\">Devis envoy\u00e9 \u2192 d\u00e9lai \u2192 relance<\/div>\n            <label class=\"efficya-card__text\">Les devis sans r\u00e9ponse sont relanc\u00e9s automatiquement,\n            au bon moment, sans y penser<\/label>\n            <span class=\"efficya-card__tag\">Z\u00e9ro devis oubli\u00e9<\/span>\n         <\/div>\n      <\/article>\n      <!-- Card 3 -->\n      <article class=\"efficya-card\">\n         <div class=\"efficya-card__icon\">\n            <svg xmlns=\"http:\/\/www.w3.org\/2000\/svg\" width=\"24\" height=\"24\"\n               viewBox=\"0 0 24 24\" fill=\"none\" stroke=\"currentColor\"\n               stroke-width=\"2\" stroke-linecap=\"round\" stroke-linejoin=\"round\">\n               <path d=\"M8 7V3h8v4\"><\/path>\n               <rect x=\"4\" y=\"7\" width=\"16\" height=\"14\" rx=\"2\"><\/rect>\n               <path d=\"M9 14h6\"><\/path>\n               <path d=\"M9 17h4\"><\/path>\n            <\/svg>\n         <\/div>\n         <div class=\"efficya-card__content\">\n            <h3 class=\"efficya-card__title\">RDV pr\u00e9par\u00e9s automatiquement<\/h3>\n            <div class=\"efficya-card__flow\">Calendrier \u2192 collecte d\u2019infos \u2192 pr\u00e9paration<\/div>\n            <label class=\"efficya-card__text\">Le contexte est pr\u00eat avant l\u2019appel.\n            Vous arrivez avec les infos utiles, sans chercher<\/label>\n            <span class=\"efficya-card__tag\">RDV plus efficaces<\/span>\n         <\/div>\n      <\/article>\n      <!-- Card 4 -->\n      <article class=\"efficya-card\">\n         <div class=\"efficya-card__icon\">\n            <svg xmlns=\"http:\/\/www.w3.org\/2000\/svg\" width=\"24\" height=\"24\"\n               viewBox=\"0 0 24 24\" fill=\"none\" stroke=\"currentColor\"\n               stroke-width=\"2\" stroke-linecap=\"round\" stroke-linejoin=\"round\">\n               <path d=\"M3 3v18h18\"><\/path>\n               <path d=\"M7 14l3-3 3 2 5-6\"><\/path>\n            <\/svg>\n         <\/div>\n         <div class=\"efficya-card__content\">\n            <h3 class=\"efficya-card__title\">Reporting sans ressaisie<\/h3>\n            <div class=\"efficya-card__flow\">Donn\u00e9es \u2192 synth\u00e8se \u2192 visibilit\u00e9<\/div>\n            <label class=\"efficya-card__text\">Les chiffres se mettent \u00e0 jour automatiquement,\n            sans Excel ni copier-coller<\/label>\n            <span class=\"efficya-card__tag\">Vision claire, sans effort<\/span>\n         <\/div>\n      <\/article>\n   <\/div>\n<\/div>\n\n\n\n<p class=\"has-text-align-center efficya-process__closing has-theme-palette-8-background-color has-background\" style=\"border-style:none;border-width:0px;border-top-left-radius:12px;border-top-right-radius:12px;border-bottom-left-radius:12px;border-bottom-right-radius:12px;margin-top:var(--wp--preset--spacing--70);margin-right:100px;margin-left:100px;padding-top:var(--wp--preset--spacing--50)\">Chaque automatisation supprime une friction.<br>Ensemble, elles <mark style=\"background-color:rgba(0, 0, 0, 0)\" class=\"has-inline-color has-theme-palette-2-color\">changent<\/mark> la fa\u00e7on dont votre activit\u00e9 fonctionne<\/p>\n\n\n\n<hr class=\"wp-block-separator has-alpha-channel-opacity\" style=\"margin-top:var(--wp--preset--spacing--80)\"\/>\n\n\n\n<h2 class=\"wp-block-heading has-text-align-center has-larger-font-size\" style=\"padding-top:0;padding-bottom:var(--wp--preset--spacing--70)\"><strong>Une approche simple et pragmatique<\/strong><\/h2>\n\n\n\n<div class=\"efficya-process\">\n  <div class=\"efficya-grid\">\n\n    <article class=\"efficya-card cadrage_first\">\n      <div class=\"efficya-card__icon\">\n        <span class=\"efficya-step\">01<\/span>\n      <\/div>\n      <div class=\"efficya-card__content\">\n        <h3 class=\"efficya-card__title\">Cadrage rapide<\/h3>\n        <label class=\"efficya-card__text\">\n          On analyse votre fonctionnement actuel pour identifier o\u00f9 l\u2019automatisation apporte le plus de valeur\n        <\/label>\n      <\/div>\n    <\/article>\n\n    <article class=\"efficya-card\">\n      <div class=\"efficya-card__icon\">\n        <span class=\"efficya-step\">02<\/span>\n      <\/div>\n      <div class=\"efficya-card__content\">\n        <h3 class=\"efficya-card__title\">Impl\u00e9mentation cibl\u00e9e<\/h3>\n        <label class=\"efficya-card__text\">\n          On connecte vos outils existants et on met en place les automatisations utiles, sans refonte lourde\n        <\/label>\n      <\/div>\n    <\/article>\n\n    <article class=\"efficya-card\">\n      <div class=\"efficya-card__icon\">\n        <span class=\"efficya-step\">03<\/span>\n      <\/div>\n      <div class=\"efficya-card__content\">\n        <h3 class=\"efficya-card__title\">Validation en conditions r\u00e9elles<\/h3>\n        <label class=\"efficya-card__text\">\n          On teste ensemble, on ajuste si n\u00e9cessaire, jusqu\u2019\u00e0 ce que tout fonctionne naturellement dans votre quotidien\n        <\/label>\n      <\/div>\n    <\/article>\n\n    <article class=\"efficya-card\">\n      <div class=\"efficya-card__icon\">\n        <span class=\"efficya-step\">04<\/span>\n      <\/div>\n      <div class=\"efficya-card__content\">\n        <h3 class=\"efficya-card__title\">Livraison &#038; documentation<\/h3>\n        <label class=\"efficya-card__text\">\n          Vous recevez une solution propre, document\u00e9e, maintenable dans le temps\n        <\/label>\n      <\/div>\n    <\/article>\n\n    <article class=\"efficya-card\">\n      <div class=\"efficya-card__icon\">\n        <span class=\"efficya-step\">05<\/span>\n      <\/div>\n      <div class=\"efficya-card__content\">\n        <h3 class=\"efficya-card__title\">Formation &#038; autonomie<\/h3>\n        <label class=\"efficya-card__text\">\n          Vous \u00eates autonome dans l\u2019usage, sans d\u00e9pendance technique\n        <\/label>\n      <\/div>\n    <\/article>\n  <\/div>\n<\/div>\n\n\n\n<p class=\"has-text-align-center efficya-process__closing\" style=\"border-style:none;border-width:0px;border-top-left-radius:12px;border-top-right-radius:12px;border-bottom-left-radius:12px;border-bottom-right-radius:12px;margin-top:var(--wp--preset--spacing--70);margin-right:100px;margin-left:100px;padding-top:var(--wp--preset--spacing--50)\">On commence simple et on am\u00e9liore en fonction de vos usages r\u00e9els<\/p>\n\n\n\n<hr class=\"wp-block-separator has-alpha-channel-opacity\" style=\"margin-top:var(--wp--preset--spacing--80)\"\/>\n\n\n\n<h2 class=\"wp-block-heading has-text-align-center has-larger-font-size\" style=\"padding-top:var(--wp--preset--spacing--60);padding-bottom:0\"><strong>Voyons ensemble ce qui peut \u00eatre automatis\u00e9 chez vous<\/strong><br><\/h2>\n\n\n\n<p class=\"has-theme-palette-5-color has-text-color has-link-color has-medium-font-size wp-elements-6a333289c862944a4c8632e1b6f842ce\" style=\"padding-right:6rem;padding-bottom:12px;padding-left:6rem\">En&nbsp;<strong>20 \u00e0 30 minutes<\/strong>, nous analysons votre fonctionnement actuel, identifions les principales frictions, et voyons si l\u2019automatisation peut r\u00e9ellement vous faire gagner du temps ou non.<br><strong>C\u2019est gratuit, sans engagement.<\/strong><\/p>\n\n\n\n<div class=\"wp-block-buttons is-content-justification-center is-layout-flex wp-container-core-buttons-is-layout-16018d1d wp-block-buttons-is-layout-flex\">\n<div class=\"wp-block-button efficya-cta is-style-fill\"><a class=\"wp-block-button__link has-theme-palette-3-background-color has-background wp-element-button\" href=\"https:\/\/calendly.com\/manuel-baricault\/30min\" target=\"_blank\" rel=\"noreferrer noopener\">Planifier un diagnostic<\/a><\/div>\n<\/div>\n\n\n\n<div class=\"efficya-cta-perks\">\n  <div class=\"efficya-cta-perk\">\n    <div class=\"efficya-cta-perk__icon\" aria-hidden=\"true\">\n      <svg xmlns=\"http:\/\/www.w3.org\/2000\/svg\" width=\"24\" height=\"24\"\n           viewBox=\"0 0 24 24\" fill=\"none\" stroke=\"currentColor\"\n           stroke-width=\"2\" stroke-linecap=\"round\" stroke-linejoin=\"round\">\n        <path d=\"M20 21v-2a4 4 0 0 0-4-4H8a4 4 0 0 0-4 4v2\"><\/path>\n        <circle cx=\"12\" cy=\"7\" r=\"4\"><\/circle>\n      <\/svg>\n    <\/div>\n    <div class=\"efficya-cta-perk__text\">\u00c9change personnalis\u00e9<\/div>\n  <\/div>\n\n  <div class=\"efficya-cta-perk\">\n    <div class=\"efficya-cta-perk__icon\" aria-hidden=\"true\">\n      <svg xmlns=\"http:\/\/www.w3.org\/2000\/svg\" width=\"24\" height=\"24\"\n           viewBox=\"0 0 24 24\" fill=\"none\" stroke=\"currentColor\"\n           stroke-width=\"2\" stroke-linecap=\"round\" stroke-linejoin=\"round\">\n        <path d=\"M12 22s8-4 8-10V5l-8-3-8 3v7c0 6 8 10 8 10z\"><\/path>\n      <\/svg>\n    <\/div>\n    <div class=\"efficya-cta-perk__text\">Aucun engagement<\/div>\n  <\/div>\n\n  <div class=\"efficya-cta-perk\">\n    <div class=\"efficya-cta-perk__icon\" aria-hidden=\"true\">\n      <svg xmlns=\"http:\/\/www.w3.org\/2000\/svg\" width=\"24\" height=\"24\"\n           viewBox=\"0 0 24 24\" fill=\"none\" stroke=\"currentColor\"\n           stroke-width=\"2\" stroke-linecap=\"round\" stroke-linejoin=\"round\">\n        <path d=\"M14 2H6a2 2 0 0 0-2 2v16a2 2 0 0 0 2 2h12a2 2 0 0 0 2-2V8z\"><\/path>\n        <path d=\"M14 2v6h6\"><\/path>\n        <path d=\"M8 13h8\"><\/path>\n        <path d=\"M8 17h5\"><\/path>\n      <\/svg>\n    <\/div>\n    <div class=\"efficya-cta-perk__text\">Vous repartez avec des pistes concr\u00e8tes<\/div>\n  <\/div>\n<\/div>\n\n\n\n<div class=\"efficya-cta-why\">\n  <div class=\"efficya-cta-why__title\">Pourquoi ce diagnostic est gratuit&nbsp;?<\/div>\n  <p class=\"efficya-cta-why__text\">\n    Parce qu\u2019un bon diagnostic apporte d\u00e9j\u00e0 de la valeur.\n    L\u2019objectif de cet \u00e9change est de comprendre votre situation,\n    d\u2019identifier les principaux points de friction\n    et de voir si l\u2019automatisation peut r\u00e9ellement vous aider.\n  <\/p>\n  <p class=\"efficya-cta-why__text\">\n    Si des automatisations pertinentes se d\u00e9gagent,\n    nous pourrons envisager la suite ensemble.\n    Sinon, vous repartez avec une vision plus claire de vos priorit\u00e9s,\n    sans engagement.\n  <\/p>\n<\/div>\n\n\n\n<p><\/p>\n","protected":false},"excerpt":{"rendered":"<p>J\u2019automatise, Vous gagnez du temps Moins de t\u00e2ches manuelles, moins d\u2019oublis, plus de visibilit\u00e9 sur votre activit\u00e9 Automatisations sur mesure pour les agences et entreprises qui veulent se concentrer sur l\u2019essentiel \u2713 Audit gratuit \u2713 ROI mesurable \u2713 20+ ans d\u2019exp\u00e9rience Ces probl\u00e8mes vous parlent ? Vous n\u2019\u00eates pas seul. La plupart des entreprises perdent&#8230;<\/p>\n","protected":false},"author":1,"featured_media":0,"parent":0,"menu_order":0,"comment_status":"closed","ping_status":"closed","template":"","meta":{"_kad_post_transparent":"disable","_kad_post_title":"show","_kad_post_layout":"","_kad_post_sidebar_id":"","_kad_post_content_style":"boxed","_kad_post_vertical_padding":"show","_kad_post_feature":"","_kad_post_feature_position":"","_kad_post_header":false,"_kad_post_footer":false,"_kad_post_classname":"","footnotes":""},"class_list":["post-24","page","type-page","status-publish","hentry"],"_links":{"self":[{"href":"https:\/\/www.efficya.com\/index.php\/wp-json\/wp\/v2\/pages\/24","targetHints":{"allow":["GET"]}}],"collection":[{"href":"https:\/\/www.efficya.com\/index.php\/wp-json\/wp\/v2\/pages"}],"about":[{"href":"https:\/\/www.efficya.com\/index.php\/wp-json\/wp\/v2\/types\/page"}],"author":[{"embeddable":true,"href":"https:\/\/www.efficya.com\/index.php\/wp-json\/wp\/v2\/users\/1"}],"replies":[{"embeddable":true,"href":"https:\/\/www.efficya.com\/index.php\/wp-json\/wp\/v2\/comments?post=24"}],"version-history":[{"count":389,"href":"https:\/\/www.efficya.com\/index.php\/wp-json\/wp\/v2\/pages\/24\/revisions"}],"predecessor-version":[{"id":843,"href":"https:\/\/www.efficya.com\/index.php\/wp-json\/wp\/v2\/pages\/24\/revisions\/843"}],"wp:attachment":[{"href":"https:\/\/www.efficya.com\/index.php\/wp-json\/wp\/v2\/media?parent=24"}],"curies":[{"name":"wp","href":"https:\/\/api.w.org\/{rel}","templated":true}]}}