{"id":258,"date":"2026-01-14T16:04:41","date_gmt":"2026-01-14T16:04:41","guid":{"rendered":"https:\/\/www.efficya.com\/?page_id=258"},"modified":"2026-01-26T14:10:33","modified_gmt":"2026-01-26T14:10:33","slug":"experience-references","status":"publish","type":"page","link":"https:\/\/www.efficya.com\/index.php\/experience-references\/","title":{"rendered":"Exp\u00e9rience &amp; r\u00e9f\u00e9rences"},"content":{"rendered":"\n<h1 class=\"wp-block-heading has-text-align-center has-larger-font-size\" style=\"margin-top:8rem;margin-bottom:var(--wp--preset--spacing--70)\">Exp\u00e9rience &amp; r\u00e9f\u00e9rences<\/h1>\n\n\n\n<p class=\"has-medium-font-size\">Analyste d\u00e9veloppeur depuis plus de 20 ans, j\u2019interviens dans des environnements o\u00f9 il faut <strong>faire simple, rapidement, et sans casser l\u2019existant<\/strong>.<\/p>\n\n\n\n<p class=\"has-medium-font-size\">J\u2019ai travaill\u00e9 aussi bien dans des <strong>grands comptes<\/strong> que dans des <strong>PME, \u00e9diteurs de logiciels et projets entrepreneuriaux<\/strong>, souvent dans des contextes contraints : syst\u00e8mes legacy, dette technique, d\u00e9lais courts, enjeux op\u00e9rationnels forts.<\/p>\n\n\n\n<p class=\"has-medium-font-size\">J\u2019ai notamment travaill\u00e9 pour des organisations comme <strong>PSA Automobile, Natixis, Direct Assurance et Cdiscount<\/strong>, dans des contextes \u00e0 fortes contraintes op\u00e9rationnelles.<\/p>\n\n\n\n<p class=\"has-medium-font-size\">Cette exp\u00e9rience me permet aujourd\u2019hui de proposer des automatisations pragmatiques, <strong>adapt\u00e9es \u00e0 la r\u00e9alit\u00e9<\/strong> des petites entreprises : outils existants, contraintes op\u00e9rationnelles, besoin de r\u00e9sultats rapides.<\/p>\n\n\n\n<div class=\"wp-block-group efficya-linkedin-box has-theme-palette-8-background-color has-background\" style=\"border-top-left-radius:12px;border-top-right-radius:12px;border-bottom-left-radius:12px;border-bottom-right-radius:12px\"><div class=\"wp-block-group__inner-container is-layout-constrained wp-block-group-is-layout-constrained\">\n<p class=\"has-medium-font-size\">Pour un aper\u00e7u d\u00e9taill\u00e9 de mon parcours, des missions r\u00e9alis\u00e9es et des contextes d\u2019intervention, vous pouvez consulter mon profil LinkedIn<\/p>\n\n\n\n<div class=\"wp-block-buttons efficya-cta is-style-fill is-content-justification-center is-layout-flex wp-container-core-buttons-is-layout-16018d1d wp-block-buttons-is-layout-flex\">\n<div class=\"wp-block-button\"><a class=\"wp-block-button__link has-theme-palette-3-background-color has-background wp-element-button\" href=\"https:\/\/www.linkedin.com\/in\/manuel-baricault-38084b14\/\" target=\"_blank\" rel=\"noopener\"><strong>Voir mon profil LinkedIn<\/strong><\/a><\/div>\n<\/div>\n<\/div><\/div>\n\n\n\n<p><\/p>\n","protected":false},"excerpt":{"rendered":"<p>Exp\u00e9rience &amp; r\u00e9f\u00e9rences Analyste d\u00e9veloppeur depuis plus de 20 ans, j\u2019interviens dans des environnements o\u00f9 il faut faire simple, rapidement, et sans casser l\u2019existant. J\u2019ai travaill\u00e9 aussi bien dans des grands comptes que dans des PME, \u00e9diteurs de logiciels et projets entrepreneuriaux, souvent dans des contextes contraints : syst\u00e8mes legacy, dette technique, d\u00e9lais courts, enjeux&#8230;<\/p>\n","protected":false},"author":1,"featured_media":0,"parent":0,"menu_order":0,"comment_status":"closed","ping_status":"closed","template":"","meta":{"_kad_post_transparent":"default","_kad_post_title":"","_kad_post_layout":"narrow","_kad_post_sidebar_id":"","_kad_post_content_style":"default","_kad_post_vertical_padding":"bottom","_kad_post_feature":"","_kad_post_feature_position":"","_kad_post_header":false,"_kad_post_footer":false,"_kad_post_classname":"","footnotes":""},"class_list":["post-258","page","type-page","status-publish","hentry"],"_links":{"self":[{"href":"https:\/\/www.efficya.com\/index.php\/wp-json\/wp\/v2\/pages\/258","targetHints":{"allow":["GET"]}}],"collection":[{"href":"https:\/\/www.efficya.com\/index.php\/wp-json\/wp\/v2\/pages"}],"about":[{"href":"https:\/\/www.efficya.com\/index.php\/wp-json\/wp\/v2\/types\/page"}],"author":[{"embeddable":true,"href":"https:\/\/www.efficya.com\/index.php\/wp-json\/wp\/v2\/users\/1"}],"replies":[{"embeddable":true,"href":"https:\/\/www.efficya.com\/index.php\/wp-json\/wp\/v2\/comments?post=258"}],"version-history":[{"count":16,"href":"https:\/\/www.efficya.com\/index.php\/wp-json\/wp\/v2\/pages\/258\/revisions"}],"predecessor-version":[{"id":872,"href":"https:\/\/www.efficya.com\/index.php\/wp-json\/wp\/v2\/pages\/258\/revisions\/872"}],"wp:attachment":[{"href":"https:\/\/www.efficya.com\/index.php\/wp-json\/wp\/v2\/media?parent=258"}],"curies":[{"name":"wp","href":"https:\/\/api.w.org\/{rel}","templated":true}]}}